{"id":2532,"date":"2023-08-26T13:47:47","date_gmt":"2023-08-26T13:47:47","guid":{"rendered":"https:\/\/toolkit.stitedu.eu\/?page_id=2532"},"modified":"2023-08-30T15:45:40","modified_gmt":"2023-08-30T15:45:40","slug":"como-funciona","status":"publish","type":"page","link":"https:\/\/toolkit.stitedu.eu\/es\/como-funciona\/","title":{"rendered":"C\u00f3mo funciona"},"content":{"rendered":"\n<h3 class=\"wp-block-heading\"><strong>\u00bfEres nuevo en el enfoque Flipped Classroom?<\/strong><br><strong>Sigue leyendo para saber m\u00e1s<\/strong>.<\/h3>\n\n\n\n<p>El Flipped Classroom es un enfoque pedag\u00f3gico que invierte las secuencias convencionales de ense\u00f1anza y aprendizaje: la clase, que normalmente se imparte en el aula, y los deberes, que tradicionalmente se asignan para hacer en casa.<\/p>\n\n\n\n<p>Este enfoque consta de las siguientes fases:<\/p>\n\n\n\n<ul class=\"wp-block-list\">\n<li>En la fase inicial, en casa, se anima a los alumnos a familiarizarse con los recursos digitales asignados por el profesor para despertar su inter\u00e9s por el tema que se va a tratar.<\/li>\n\n\n\n<li>A continuaci\u00f3n, el aula se convierte en un espacio para que los alumnos participen activamente en diversas actividades y tareas bajo la orientaci\u00f3n y el apoyo del profesor. Estas actividades pueden adaptarse a las necesidades de cada alumno o de peque\u00f1os grupos.<\/li>\n\n\n\n<li>Por \u00faltimo, el profesor realiza una breve actividad de evaluaci\u00f3n para valorar la comprensi\u00f3n de los alumnos y ofrecerles informaci\u00f3n sobre su progreso en el aprendizaje.<\/li>\n<\/ul>\n\n\n\n<p>Gracias al STIT Toolkit, puedes probar el enfoque Flipped Classroom y dise\u00f1ar f\u00e1cilmente una lecci\u00f3n en cuatro sencillos pasos:<\/p>\n\n\n\n<ol class=\"wp-block-list\">\n<li><strong>Contexto: <\/strong>Empieza especificando la edad a la que va dirigida la clase, la duraci\u00f3n total, el tema elegido y c\u00f3mo har\u00e1s que la lecci\u00f3n sea inclusiva.<\/li>\n\n\n\n<li><strong>Antes de la clase: <\/strong>Selecciona materiales preparatorios adecuados para estimular la curiosidad de los alumnos por el tema en casa.<\/li>\n\n\n\n<li><strong>Actividad en clase: <\/strong>Explora las distintas actividades que ofrece nuestra plataforma y elige la que mejor se ajuste a los objetivos de tu clase. Repasa las instrucciones para facilitar su realizaci\u00f3n.<\/li>\n\n\n\n<li><strong>Conclusi\u00f3n: <\/strong>Nuestro kit de herramientas tambi\u00e9n ofrece actividades de recapitulaci\u00f3n y evaluaci\u00f3n. Seleccione la m\u00e1s apropiada para tu clase y sigue las instrucciones proporcionadas.<\/li>\n<\/ol>\n\n\n\n<p>Esperamos que el conjunto de herramientas STIT te ayude en tu trayectoria docente.<\/p>\n\n\n\n<div style=\"height:32px\" aria-hidden=\"true\" class=\"wp-block-spacer\"><\/div>\n\n\n\n<hr class=\"wp-block-separator has-alpha-channel-opacity is-style-wide\"\/>\n\n\n\n<div class=\"wp-block-media-text is-stacked-on-mobile\" style=\"grid-template-columns:25% auto\"><figure class=\"wp-block-media-text__media\"><a href=\"https:\/\/creativecommons.org\/licenses\/by-sa\/4.0\/deed.es\" target=\"_blank\" rel=\"noreferrer noopener\"><img loading=\"lazy\" decoding=\"async\" width=\"300\" height=\"105\" src=\"https:\/\/toolkit.stitedu.eu\/wp-content\/uploads\/2023\/08\/by-sa-300x105-1.png\" alt=\"\" class=\"wp-image-2546 size-full\"\/><\/a><\/figure><div class=\"wp-block-media-text__content\">\n<p><strong>Atribuci\u00f3n-CompartirIgual 4.0 Internacional\u00a0(CC BY-SA 4.0)<\/strong><\/p>\n<\/div><\/div>\n\n\n\n<hr class=\"wp-block-separator has-alpha-channel-opacity is-style-wide\"\/>\n\n\n\n<div class=\"wp-block-media-text is-stacked-on-mobile\" style=\"grid-template-columns:25% auto\"><figure class=\"wp-block-media-text__media\"><img loading=\"lazy\" decoding=\"async\" width=\"1024\" height=\"248\" src=\"https:\/\/toolkit.stitedu.eu\/wp-content\/uploads\/2023\/08\/ES_Co-fundedbytheEU_RGB_POS-1024x248.png\" alt=\"\" class=\"wp-image-2589 size-full\" srcset=\"https:\/\/toolkit.stitedu.eu\/wp-content\/uploads\/2023\/08\/ES_Co-fundedbytheEU_RGB_POS-1024x248.png 1024w, https:\/\/toolkit.stitedu.eu\/wp-content\/uploads\/2023\/08\/ES_Co-fundedbytheEU_RGB_POS-300x73.png 300w, https:\/\/toolkit.stitedu.eu\/wp-content\/uploads\/2023\/08\/ES_Co-fundedbytheEU_RGB_POS-768x186.png 768w, https:\/\/toolkit.stitedu.eu\/wp-content\/uploads\/2023\/08\/ES_Co-fundedbytheEU_RGB_POS-1536x371.png 1536w, https:\/\/toolkit.stitedu.eu\/wp-content\/uploads\/2023\/08\/ES_Co-fundedbytheEU_RGB_POS-2048x495.png 2048w, https:\/\/toolkit.stitedu.eu\/wp-content\/uploads\/2023\/08\/ES_Co-fundedbytheEU_RGB_POS-1920x464.png 1920w\" sizes=\"auto, (max-width: 1024px) 100vw, 1024px\" \/><\/figure><div class=\"wp-block-media-text__content\">\n<p class=\"has-medium-font-size\">Financiado por la Uni\u00f3n Europea. Las opiniones y puntos de vista expresados solo comprometen a su(s) autor(es) y no reflejan necesariamente los de la Uni\u00f3n Europea o los de la Agencia Ejecutiva Europea de Educaci\u00f3n y Cultura (EACEA). Ni la Uni\u00f3n Europea ni la EACEA pueden ser considerados responsables de ellos.<\/p>\n<\/div><\/div>\n","protected":false},"excerpt":{"rendered":"<p>\u00bfEres nuevo en el enfoque Flipped Classroom?Sigue leyendo para saber m\u00e1s. El Flipped Classroom es un enfoque pedag\u00f3gico que invierte las secuencias convencionales de ense\u00f1anza y aprendizaje: la clase, que normalmente se imparte en el aula, y los deberes, que tradicionalmente se asignan para hacer en casa. Este enfoque consta de las siguientes fases: Gracias [&hellip;]<\/p>\n","protected":false},"author":2,"featured_media":0,"parent":0,"menu_order":0,"comment_status":"closed","ping_status":"closed","template":"","meta":{"footnotes":""},"class_list":["post-2532","page","type-page","status-publish","hentry"],"qzr_fp_pages_ids":[],"yoast_head":"<!-- This site is optimized with the Yoast SEO plugin v27.4 - https:\/\/yoast.com\/product\/yoast-seo-wordpress\/ -->\r\n<title>C\u00f3mo funciona - STIT Project Toolkit<\/title>\r\n<meta name=\"robots\" content=\"index, follow, max-snippet:-1, max-image-preview:large, max-video-preview:-1\" \/>\r\n<link rel=\"canonical\" href=\"https:\/\/toolkit.stitedu.eu\/es\/como-funciona\/\" \/>\r\n<meta property=\"og:locale\" content=\"es_ES\" \/>\r\n<meta property=\"og:type\" content=\"article\" \/>\r\n<meta property=\"og:title\" content=\"C\u00f3mo funciona - STIT Project Toolkit\" \/>\r\n<meta property=\"og:description\" content=\"\u00bfEres nuevo en el enfoque Flipped Classroom?Sigue leyendo para saber m\u00e1s. El Flipped Classroom es un enfoque pedag\u00f3gico que invierte las secuencias convencionales de ense\u00f1anza y aprendizaje: la clase, que normalmente se imparte en el aula, y los deberes, que tradicionalmente se asignan para hacer en casa. Este enfoque consta de las siguientes fases: Gracias [&hellip;]\" \/>\r\n<meta property=\"og:url\" content=\"https:\/\/toolkit.stitedu.eu\/es\/como-funciona\/\" \/>\r\n<meta property=\"og:site_name\" content=\"STIT Project Toolkit\" \/>\r\n<meta property=\"article:publisher\" content=\"https:\/\/www.facebook.com\/p\/STIT-Smart-Tools-for-Inclusive-Teaching-in-VET-100083121342798\/\" \/>\r\n<meta property=\"article:modified_time\" content=\"2023-08-30T15:45:40+00:00\" \/>\r\n<meta property=\"og:image\" content=\"https:\/\/toolkit.stitedu.eu\/wp-content\/uploads\/2023\/08\/by-sa-300x105-1.png\" \/>\r\n<meta name=\"twitter:card\" content=\"summary_large_image\" \/>\r\n<meta name=\"twitter:label1\" content=\"Tiempo de lectura\" \/>\n\t<meta name=\"twitter:data1\" content=\"2 minutos\" \/>\r\n<script type=\"application\/ld+json\" class=\"yoast-schema-graph\">{\"@context\":\"https:\\\/\\\/schema.org\",\"@graph\":[{\"@type\":\"WebPage\",\"@id\":\"https:\\\/\\\/toolkit.stitedu.eu\\\/es\\\/como-funciona\\\/\",\"url\":\"https:\\\/\\\/toolkit.stitedu.eu\\\/es\\\/como-funciona\\\/\",\"name\":\"C\u00f3mo funciona - STIT Project Toolkit\",\"isPartOf\":{\"@id\":\"https:\\\/\\\/toolkit.stitedu.eu\\\/es\\\/#website\"},\"primaryImageOfPage\":{\"@id\":\"https:\\\/\\\/toolkit.stitedu.eu\\\/es\\\/como-funciona\\\/#primaryimage\"},\"image\":{\"@id\":\"https:\\\/\\\/toolkit.stitedu.eu\\\/es\\\/como-funciona\\\/#primaryimage\"},\"thumbnailUrl\":\"https:\\\/\\\/toolkit.stitedu.eu\\\/wp-content\\\/uploads\\\/2023\\\/08\\\/by-sa-300x105-1.png\",\"datePublished\":\"2023-08-26T13:47:47+00:00\",\"dateModified\":\"2023-08-30T15:45:40+00:00\",\"breadcrumb\":{\"@id\":\"https:\\\/\\\/toolkit.stitedu.eu\\\/es\\\/como-funciona\\\/#breadcrumb\"},\"inLanguage\":\"es\",\"potentialAction\":[{\"@type\":\"ReadAction\",\"target\":[\"https:\\\/\\\/toolkit.stitedu.eu\\\/es\\\/como-funciona\\\/\"]}]},{\"@type\":\"ImageObject\",\"inLanguage\":\"es\",\"@id\":\"https:\\\/\\\/toolkit.stitedu.eu\\\/es\\\/como-funciona\\\/#primaryimage\",\"url\":\"https:\\\/\\\/toolkit.stitedu.eu\\\/wp-content\\\/uploads\\\/2023\\\/08\\\/by-sa-300x105-1.png\",\"contentUrl\":\"https:\\\/\\\/toolkit.stitedu.eu\\\/wp-content\\\/uploads\\\/2023\\\/08\\\/by-sa-300x105-1.png\"},{\"@type\":\"BreadcrumbList\",\"@id\":\"https:\\\/\\\/toolkit.stitedu.eu\\\/es\\\/como-funciona\\\/#breadcrumb\",\"itemListElement\":[{\"@type\":\"ListItem\",\"position\":1,\"name\":\"Home\",\"item\":\"https:\\\/\\\/toolkit.stitedu.eu\\\/es\\\/\"},{\"@type\":\"ListItem\",\"position\":2,\"name\":\"C\u00f3mo funciona\"}]},{\"@type\":\"WebSite\",\"@id\":\"https:\\\/\\\/toolkit.stitedu.eu\\\/es\\\/#website\",\"url\":\"https:\\\/\\\/toolkit.stitedu.eu\\\/es\\\/\",\"name\":\"STIT Project Toolkit\",\"description\":\"\",\"publisher\":{\"@id\":\"https:\\\/\\\/toolkit.stitedu.eu\\\/es\\\/#organization\"},\"potentialAction\":[{\"@type\":\"SearchAction\",\"target\":{\"@type\":\"EntryPoint\",\"urlTemplate\":\"https:\\\/\\\/toolkit.stitedu.eu\\\/es\\\/?s={search_term_string}\"},\"query-input\":{\"@type\":\"PropertyValueSpecification\",\"valueRequired\":true,\"valueName\":\"search_term_string\"}}],\"inLanguage\":\"es\"},{\"@type\":\"Organization\",\"@id\":\"https:\\\/\\\/toolkit.stitedu.eu\\\/es\\\/#organization\",\"name\":\"STIT Project Toolkit\",\"url\":\"https:\\\/\\\/toolkit.stitedu.eu\\\/es\\\/\",\"logo\":{\"@type\":\"ImageObject\",\"inLanguage\":\"es\",\"@id\":\"https:\\\/\\\/toolkit.stitedu.eu\\\/es\\\/#\\\/schema\\\/logo\\\/image\\\/\",\"url\":\"https:\\\/\\\/toolkit.stitedu.eu\\\/wp-content\\\/uploads\\\/2023\\\/08\\\/stit-logo.png\",\"contentUrl\":\"https:\\\/\\\/toolkit.stitedu.eu\\\/wp-content\\\/uploads\\\/2023\\\/08\\\/stit-logo.png\",\"width\":228,\"height\":260,\"caption\":\"STIT Project Toolkit\"},\"image\":{\"@id\":\"https:\\\/\\\/toolkit.stitedu.eu\\\/es\\\/#\\\/schema\\\/logo\\\/image\\\/\"},\"sameAs\":[\"https:\\\/\\\/www.facebook.com\\\/p\\\/STIT-Smart-Tools-for-Inclusive-Teaching-in-VET-100083121342798\\\/\"]}]}<\/script>\r\n<!-- \/ Yoast SEO plugin. -->","yoast_head_json":{"title":"C\u00f3mo funciona - STIT Project Toolkit","robots":{"index":"index","follow":"follow","max-snippet":"max-snippet:-1","max-image-preview":"max-image-preview:large","max-video-preview":"max-video-preview:-1"},"canonical":"https:\/\/toolkit.stitedu.eu\/es\/como-funciona\/","og_locale":"es_ES","og_type":"article","og_title":"C\u00f3mo funciona - STIT Project Toolkit","og_description":"\u00bfEres nuevo en el enfoque Flipped Classroom?Sigue leyendo para saber m\u00e1s. El Flipped Classroom es un enfoque pedag\u00f3gico que invierte las secuencias convencionales de ense\u00f1anza y aprendizaje: la clase, que normalmente se imparte en el aula, y los deberes, que tradicionalmente se asignan para hacer en casa. Este enfoque consta de las siguientes fases: Gracias [&hellip;]","og_url":"https:\/\/toolkit.stitedu.eu\/es\/como-funciona\/","og_site_name":"STIT Project Toolkit","article_publisher":"https:\/\/www.facebook.com\/p\/STIT-Smart-Tools-for-Inclusive-Teaching-in-VET-100083121342798\/","article_modified_time":"2023-08-30T15:45:40+00:00","og_image":[{"url":"https:\/\/toolkit.stitedu.eu\/wp-content\/uploads\/2023\/08\/by-sa-300x105-1.png","type":"","width":"","height":""}],"twitter_card":"summary_large_image","twitter_misc":{"Tiempo de lectura":"2 minutos"},"schema":{"@context":"https:\/\/schema.org","@graph":[{"@type":"WebPage","@id":"https:\/\/toolkit.stitedu.eu\/es\/como-funciona\/","url":"https:\/\/toolkit.stitedu.eu\/es\/como-funciona\/","name":"C\u00f3mo funciona - STIT Project Toolkit","isPartOf":{"@id":"https:\/\/toolkit.stitedu.eu\/es\/#website"},"primaryImageOfPage":{"@id":"https:\/\/toolkit.stitedu.eu\/es\/como-funciona\/#primaryimage"},"image":{"@id":"https:\/\/toolkit.stitedu.eu\/es\/como-funciona\/#primaryimage"},"thumbnailUrl":"https:\/\/toolkit.stitedu.eu\/wp-content\/uploads\/2023\/08\/by-sa-300x105-1.png","datePublished":"2023-08-26T13:47:47+00:00","dateModified":"2023-08-30T15:45:40+00:00","breadcrumb":{"@id":"https:\/\/toolkit.stitedu.eu\/es\/como-funciona\/#breadcrumb"},"inLanguage":"es","potentialAction":[{"@type":"ReadAction","target":["https:\/\/toolkit.stitedu.eu\/es\/como-funciona\/"]}]},{"@type":"ImageObject","inLanguage":"es","@id":"https:\/\/toolkit.stitedu.eu\/es\/como-funciona\/#primaryimage","url":"https:\/\/toolkit.stitedu.eu\/wp-content\/uploads\/2023\/08\/by-sa-300x105-1.png","contentUrl":"https:\/\/toolkit.stitedu.eu\/wp-content\/uploads\/2023\/08\/by-sa-300x105-1.png"},{"@type":"BreadcrumbList","@id":"https:\/\/toolkit.stitedu.eu\/es\/como-funciona\/#breadcrumb","itemListElement":[{"@type":"ListItem","position":1,"name":"Home","item":"https:\/\/toolkit.stitedu.eu\/es\/"},{"@type":"ListItem","position":2,"name":"C\u00f3mo funciona"}]},{"@type":"WebSite","@id":"https:\/\/toolkit.stitedu.eu\/es\/#website","url":"https:\/\/toolkit.stitedu.eu\/es\/","name":"STIT Project Toolkit","description":"","publisher":{"@id":"https:\/\/toolkit.stitedu.eu\/es\/#organization"},"potentialAction":[{"@type":"SearchAction","target":{"@type":"EntryPoint","urlTemplate":"https:\/\/toolkit.stitedu.eu\/es\/?s={search_term_string}"},"query-input":{"@type":"PropertyValueSpecification","valueRequired":true,"valueName":"search_term_string"}}],"inLanguage":"es"},{"@type":"Organization","@id":"https:\/\/toolkit.stitedu.eu\/es\/#organization","name":"STIT Project Toolkit","url":"https:\/\/toolkit.stitedu.eu\/es\/","logo":{"@type":"ImageObject","inLanguage":"es","@id":"https:\/\/toolkit.stitedu.eu\/es\/#\/schema\/logo\/image\/","url":"https:\/\/toolkit.stitedu.eu\/wp-content\/uploads\/2023\/08\/stit-logo.png","contentUrl":"https:\/\/toolkit.stitedu.eu\/wp-content\/uploads\/2023\/08\/stit-logo.png","width":228,"height":260,"caption":"STIT Project Toolkit"},"image":{"@id":"https:\/\/toolkit.stitedu.eu\/es\/#\/schema\/logo\/image\/"},"sameAs":["https:\/\/www.facebook.com\/p\/STIT-Smart-Tools-for-Inclusive-Teaching-in-VET-100083121342798\/"]}]}},"_links":{"self":[{"href":"https:\/\/toolkit.stitedu.eu\/es\/wp-json\/wp\/v2\/pages\/2532","targetHints":{"allow":["GET"]}}],"collection":[{"href":"https:\/\/toolkit.stitedu.eu\/es\/wp-json\/wp\/v2\/pages"}],"about":[{"href":"https:\/\/toolkit.stitedu.eu\/es\/wp-json\/wp\/v2\/types\/page"}],"author":[{"embeddable":true,"href":"https:\/\/toolkit.stitedu.eu\/es\/wp-json\/wp\/v2\/users\/2"}],"replies":[{"embeddable":true,"href":"https:\/\/toolkit.stitedu.eu\/es\/wp-json\/wp\/v2\/comments?post=2532"}],"version-history":[{"count":4,"href":"https:\/\/toolkit.stitedu.eu\/es\/wp-json\/wp\/v2\/pages\/2532\/revisions"}],"predecessor-version":[{"id":2595,"href":"https:\/\/toolkit.stitedu.eu\/es\/wp-json\/wp\/v2\/pages\/2532\/revisions\/2595"}],"wp:attachment":[{"href":"https:\/\/toolkit.stitedu.eu\/es\/wp-json\/wp\/v2\/media?parent=2532"}],"curies":[{"name":"wp","href":"https:\/\/api.w.org\/{rel}","templated":true}]}}